{"id":5,"date":"2020-09-03T12:19:28","date_gmt":"2020-09-03T10:19:28","guid":{"rendered":"http:\/\/lasolive.fr\/?page_id=5"},"modified":"2025-11-28T12:52:16","modified_gmt":"2025-11-28T11:52:16","slug":"presentation","status":"publish","type":"page","link":"https:\/\/lasolive.fr\/index.php\/presentation\/","title":{"rendered":"Pr\u00e9sentation"},"content":{"rendered":"\n<p class=\"has-nv-site-bg-color has-text-color has-link-color wp-elements-d1b28dbe3c46279e245455965e21db74\">La <strong>solive<\/strong> (nom f\u00e9minin) est une pi\u00e8ce de charpente plac\u00e9e en appui sur les murs ou les poutres pour soutenir le plancher.<br>Qui au violon, qui \u00e0 la guitare, \u00e0 dix cordes, parfois plus,<br>Tom et Thomas op\u00e8rent cet agencement singulier gr\u00e2ce auquel tout tient.<br>Les compagnons de fortune s\u2019encouragent l\u2019un l\u2019autre\u00a0:<br>si l\u2019un pose les lattes d\u2019une rythmique tir\u00e9e au cordeau,<br>l\u2019autre chantera pareil \u00e0 une grive,<br>pareil \u00e0 ces oiseaux de passage battant des ailes fr\u00e9n\u00e9tiquement sous le toit des \u00e9tables.<br>Il faut voir ces deux musiciens chevronn\u00e9s<br>encha\u00eener les airs<br>&amp; le public danser comme on rabote.<br>J\u2019ajoute que pour les charpentiers &amp; charpenti\u00e8res,<br>l\u2019\u00e2me (nom f\u00e9minin) est l\u2019esp\u00e8ce de lambourde faite en deux parties<br>que l\u2019on embr\u00e8ve obliquement dans une poutre fendue en deux pour lui donner plus de force<br>&amp; d\u2019\u00e2me, ces deux-l\u00e0 ne manquent certes pas\u00a0!<br><br>\u00c9lise Tourte &#8211; <a href=\"http:\/\/unecertaineplume.fr\" data-type=\"URL\" data-id=\"http:\/\/unecertaineplume.fr\/\" target=\"_blank\" rel=\"noreferrer noopener\">une certaine plume<\/a><\/p>\n\n\n\n<figure class=\"wp-block-embed is-type-video is-provider-youtube wp-block-embed-youtube wp-embed-aspect-16-9 wp-has-aspect-ratio\"><div class=\"wp-block-embed__wrapper\">\n<div class=\"nv-iframe-embed\"><iframe loading=\"lazy\" title=\"La Solive - Teaser Bal folk\" width=\"1200\" height=\"675\" src=\"https:\/\/www.youtube.com\/embed\/5uOK_GBhKms?feature=oembed\" frameborder=\"0\" allow=\"accelerometer; autoplay; clipboard-write; encrypted-media; gyroscope; picture-in-picture; web-share\" referrerpolicy=\"strict-origin-when-cross-origin\" allowfullscreen><\/iframe><\/div>\n<\/div><\/figure>\n","protected":false},"excerpt":{"rendered":"<p>La solive (nom f\u00e9minin) est une pi\u00e8ce de charpente plac\u00e9e en appui sur les murs ou les poutres pour soutenir le plancher.Qui au violon, qui \u00e0 la guitare, \u00e0 dix cordes, parfois plus,Tom et Thomas op\u00e8rent cet agencement singulier gr\u00e2ce auquel tout tient.Les compagnons de fortune s\u2019encouragent l\u2019un l\u2019autre\u00a0:si l\u2019un pose les lattes d\u2019une rythmique&hellip;&nbsp;<a href=\"https:\/\/lasolive.fr\/index.php\/presentation\/\" rel=\"bookmark\">Lire la suite &raquo;<span class=\"screen-reader-text\">Pr\u00e9sentation<\/span><\/a><\/p>\n","protected":false},"author":1,"featured_media":0,"parent":0,"menu_order":0,"comment_status":"closed","ping_status":"closed","template":"","meta":{"neve_meta_sidebar":"","neve_meta_container":"","neve_meta_enable_content_width":"off","neve_meta_content_width":0,"neve_meta_title_alignment":"","neve_meta_author_avatar":"","neve_post_elements_order":"","neve_meta_disable_header":"","neve_meta_disable_footer":"","neve_meta_disable_title":"","footnotes":""},"class_list":["post-5","page","type-page","status-publish","hentry"],"_links":{"self":[{"href":"https:\/\/lasolive.fr\/index.php\/wp-json\/wp\/v2\/pages\/5","targetHints":{"allow":["GET"]}}],"collection":[{"href":"https:\/\/lasolive.fr\/index.php\/wp-json\/wp\/v2\/pages"}],"about":[{"href":"https:\/\/lasolive.fr\/index.php\/wp-json\/wp\/v2\/types\/page"}],"author":[{"embeddable":true,"href":"https:\/\/lasolive.fr\/index.php\/wp-json\/wp\/v2\/users\/1"}],"replies":[{"embeddable":true,"href":"https:\/\/lasolive.fr\/index.php\/wp-json\/wp\/v2\/comments?post=5"}],"version-history":[{"count":54,"href":"https:\/\/lasolive.fr\/index.php\/wp-json\/wp\/v2\/pages\/5\/revisions"}],"predecessor-version":[{"id":570,"href":"https:\/\/lasolive.fr\/index.php\/wp-json\/wp\/v2\/pages\/5\/revisions\/570"}],"wp:attachment":[{"href":"https:\/\/lasolive.fr\/index.php\/wp-json\/wp\/v2\/media?parent=5"}],"curies":[{"name":"wp","href":"https:\/\/api.w.org\/{rel}","templated":true}]}}